{"id":6009,"date":"2024-04-01T13:29:01","date_gmt":"2024-04-01T13:29:01","guid":{"rendered":"https:\/\/bynunes-ceramics.com\/?page_id=6009"},"modified":"2025-03-19T11:12:20","modified_gmt":"2025-03-19T11:12:20","slug":"quem-somos","status":"publish","type":"page","link":"https:\/\/bynunes-ceramics.com\/index.php\/quem-somos\/","title":{"rendered":"Quem Somos"},"content":{"rendered":"\t\t<div data-elementor-type=\"wp-page\" data-elementor-id=\"6009\" class=\"elementor elementor-6009\" data-elementor-post-type=\"page\">\n\t\t\t\t<div class=\"elementor-element elementor-element-0335cc8 e-flex e-con-boxed e-con e-parent\" data-id=\"0335cc8\" data-element_type=\"container\" data-e-type=\"container\">\n\t\t\t\t\t<div class=\"e-con-inner\">\n\t\t\t\t<div class=\"elementor-element elementor-element-0960048 elementor-widget elementor-widget-text-editor\" data-id=\"0960048\" data-element_type=\"widget\" data-e-type=\"widget\" data-widget_type=\"text-editor.default\">\n\t\t\t\t<div class=\"elementor-widget-container\">\n\t\t\t\t\t\t\t\t\t<p style=\"margin-bottom: 12.0pt; text-align: justify;\"><b><span style=\"font-size: 24.0pt; line-height: 107%; font-family: Montserrat; mso-bidi-font-family: Calibri; mso-bidi-theme-font: minor-latin;\">QUEM SOMOS<\/span><\/b><\/p><p style=\"margin-bottom: 12.0pt; text-align: justify;\"><span style=\"font-style: inherit; font-weight: inherit; text-align: var(--text-align); color: var(--ast-global-color-3);\">Bem-vindo \u00e0 By Nunes\u00ae!<\/span><\/p><p style=\"margin-bottom: 12.0pt; text-align: justify;\"><span style=\"; color: var(--ast-global-color-3); font-style: inherit; font-weight: inherit; text-align: var(--text-align);\">Somos uma cer\u00e2mica familiar com 40 anos de hist\u00f3ria, sediada no cora\u00e7\u00e3o de Lisboa. Ao longo de quatro d\u00e9cadas, cultiv\u00e1mos uma paix\u00e3o singular por cer\u00e2mica, celebrando a tradi\u00e7\u00e3o e explorando as infinitas possibilidades de texturas e cores.<\/span><\/p><p>A nossa jornada come\u00e7ou como uma modesta empresa familiar, e ao longo dos anos, dedicamos cuidadosamente nosso trabalho \u00e0 arte intemporal da cer\u00e2mica. A nossa tradi\u00e7\u00e3o \u00e9 mais do que um legado; \u00e9 a base s\u00f3lida sobre a qual constru\u00edmos a nossa identidade \u00fanica.<\/p><p>O que nos distingue \u00e9 o amor pela diversidade de texturas e cores que a cer\u00e2mica oferece. Cada pe\u00e7a que criamos \u00e9 um testemunho da nossa dedica\u00e7\u00e3o em explorar as nuances da arte cer\u00e2mica tradicional, mantendo sempre um olhar atento \u00e0s inova\u00e7\u00f5es contempor\u00e2neas.<\/p><p>Na By Nunes\u00ae, cada cria\u00e7\u00e3o \u00e9 mais do que uma pe\u00e7a de cer\u00e2mica; \u00e9 uma express\u00e3o de nossa devo\u00e7\u00e3o \u00e0 est\u00e9tica, qualidade e autenticidade. Seja uma pe\u00e7a \u00fanica para a sua casa ou um presente especial, estamos comprometidos em oferecer n\u00e3o apenas cer\u00e2mica, mas uma experi\u00eancia que transcende o tempo.<\/p><p>Explore o mundo da cer\u00e2mica connosco e descubra como as tradi\u00e7\u00f5es se entrela\u00e7am com a modernidade, criando algo verdadeiramente extraordin\u00e1rio. Venha fazer parte da nossa hist\u00f3ria, onde a paix\u00e3o pela cer\u00e2mica ganha vida em cada pe\u00e7a que criamos.<\/p><p>Obrigado pela prefer\u00eancia!<\/p>\t\t\t\t\t\t\t\t<\/div>\n\t\t\t\t<\/div>\n\t\t\t\t\t<\/div>\n\t\t\t\t<\/div>\n\t\t\t\t<\/div>\n\t\t","protected":false},"excerpt":{"rendered":"<p>QUEM SOMOS Bem-vindo \u00e0 By Nunes\u00ae! Somos uma cer\u00e2mica familiar com 40 anos de hist\u00f3ria, sediada no cora\u00e7\u00e3o de Lisboa. Ao longo de quatro d\u00e9cadas, cultiv\u00e1mos uma paix\u00e3o singular por cer\u00e2mica, celebrando a tradi\u00e7\u00e3o e explorando as infinitas possibilidades de texturas e cores. A nossa jornada come\u00e7ou como uma modesta empresa familiar, e ao longo [&hellip;]<\/p>\n","protected":false},"author":1,"featured_media":0,"parent":0,"menu_order":0,"comment_status":"closed","ping_status":"closed","template":"","meta":{"site-sidebar-layout":"default","site-content-layout":"","ast-site-content-layout":"default","site-content-style":"default","site-sidebar-style":"default","ast-global-header-display":"","ast-banner-title-visibility":"","ast-main-header-display":"","ast-hfb-above-header-display":"","ast-hfb-below-header-display":"","ast-hfb-mobile-header-display":"","site-post-title":"","ast-breadcrumbs-content":"","ast-featured-img":"","footer-sml-layout":"","ast-disable-related-posts":"","theme-transparent-header-meta":"","adv-header-id-meta":"","stick-header-meta":"","header-above-stick-meta":"","header-main-stick-meta":"","header-below-stick-meta":"","astra-migrate-meta-layouts":"default","ast-page-background-enabled":"default","ast-page-background-meta":{"desktop":{"background-color":"var(--ast-global-color-4)","background-image":"","background-repeat":"repeat","background-position":"center center","background-size":"auto","background-attachment":"scroll","background-type":"","background-media":"","overlay-type":"","overlay-color":"","overlay-opacity":"","overlay-gradient":""},"tablet":{"background-color":"","background-image":"","background-repeat":"repeat","background-position":"center center","background-size":"auto","background-attachment":"scroll","background-type":"","background-media":"","overlay-type":"","overlay-color":"","overlay-opacity":"","overlay-gradient":""},"mobile":{"background-color":"","background-image":"","background-repeat":"repeat","background-position":"center center","background-size":"auto","background-attachment":"scroll","background-type":"","background-media":"","overlay-type":"","overlay-color":"","overlay-opacity":"","overlay-gradient":""}},"ast-content-background-meta":{"desktop":{"background-color":"var(--ast-global-color-5)","background-image":"","background-repeat":"repeat","background-position":"center center","background-size":"auto","background-attachment":"scroll","background-type":"","background-media":"","overlay-type":"","overlay-color":"","overlay-opacity":"","overlay-gradient":""},"tablet":{"background-color":"var(--ast-global-color-5)","background-image":"","background-repeat":"repeat","background-position":"center center","background-size":"auto","background-attachment":"scroll","background-type":"","background-media":"","overlay-type":"","overlay-color":"","overlay-opacity":"","overlay-gradient":""},"mobile":{"background-color":"var(--ast-global-color-5)","background-image":"","background-repeat":"repeat","background-position":"center center","background-size":"auto","background-attachment":"scroll","background-type":"","background-media":"","overlay-type":"","overlay-color":"","overlay-opacity":"","overlay-gradient":""}},"footnotes":""},"class_list":["post-6009","page","type-page","status-publish","hentry"],"yoast_head":"<!-- This site is optimized with the Yoast SEO plugin v27.3 - https:\/\/yoast.com\/product\/yoast-seo-wordpress\/ -->\n<title>Quem Somos -<\/title>\n<meta name=\"description\" content=\"Quem Somos -\" \/>\n<meta name=\"robots\" content=\"index, follow, max-snippet:-1, max-image-preview:large, max-video-preview:-1\" \/>\n<link rel=\"canonical\" href=\"https:\/\/bynunes-ceramics.com\/index.php\/quem-somos\/\" \/>\n<meta property=\"og:locale\" content=\"pt_PT\" \/>\n<meta property=\"og:type\" content=\"article\" \/>\n<meta property=\"og:title\" content=\"Quem Somos -\" \/>\n<meta property=\"og:description\" content=\"Quem Somos -\" \/>\n<meta property=\"og:url\" content=\"https:\/\/bynunes-ceramics.com\/index.php\/quem-somos\/\" \/>\n<meta property=\"og:site_name\" content=\"ByNunes\u00ae\" \/>\n<meta property=\"article:modified_time\" content=\"2025-03-19T11:12:20+00:00\" \/>\n<meta name=\"twitter:card\" content=\"summary_large_image\" \/>\n<script type=\"application\/ld+json\" class=\"yoast-schema-graph\">{\"@context\":\"https:\\\/\\\/schema.org\",\"@graph\":[{\"@type\":\"WebPage\",\"@id\":\"https:\\\/\\\/bynunes-ceramics.com\\\/index.php\\\/quem-somos\\\/\",\"url\":\"https:\\\/\\\/bynunes-ceramics.com\\\/index.php\\\/quem-somos\\\/\",\"name\":\"Quem Somos -\",\"isPartOf\":{\"@id\":\"https:\\\/\\\/bynunes-ceramics.com\\\/#website\"},\"datePublished\":\"2024-04-01T13:29:01+00:00\",\"dateModified\":\"2025-03-19T11:12:20+00:00\",\"description\":\"Quem Somos -\",\"breadcrumb\":{\"@id\":\"https:\\\/\\\/bynunes-ceramics.com\\\/index.php\\\/quem-somos\\\/#breadcrumb\"},\"inLanguage\":\"pt-PT\",\"potentialAction\":[{\"@type\":\"ReadAction\",\"target\":[\"https:\\\/\\\/bynunes-ceramics.com\\\/index.php\\\/quem-somos\\\/\"]}]},{\"@type\":\"BreadcrumbList\",\"@id\":\"https:\\\/\\\/bynunes-ceramics.com\\\/index.php\\\/quem-somos\\\/#breadcrumb\",\"itemListElement\":[{\"@type\":\"ListItem\",\"position\":1,\"name\":\"Home\",\"item\":\"https:\\\/\\\/bynunes-ceramics.com\\\/\"},{\"@type\":\"ListItem\",\"position\":2,\"name\":\"Quem Somos\"}]},{\"@type\":\"WebSite\",\"@id\":\"https:\\\/\\\/bynunes-ceramics.com\\\/#website\",\"url\":\"https:\\\/\\\/bynunes-ceramics.com\\\/\",\"name\":\"ByNunes\u00ae\",\"description\":\"Handmade Ceramics and Acessories - Lisboa - Portugal\",\"publisher\":{\"@id\":\"https:\\\/\\\/bynunes-ceramics.com\\\/#organization\"},\"alternateName\":\"ByNunes\u00ae Ceramics\",\"potentialAction\":[{\"@type\":\"SearchAction\",\"target\":{\"@type\":\"EntryPoint\",\"urlTemplate\":\"https:\\\/\\\/bynunes-ceramics.com\\\/?s={search_term_string}\"},\"query-input\":{\"@type\":\"PropertyValueSpecification\",\"valueRequired\":true,\"valueName\":\"search_term_string\"}}],\"inLanguage\":\"pt-PT\"},{\"@type\":\"Organization\",\"@id\":\"https:\\\/\\\/bynunes-ceramics.com\\\/#organization\",\"name\":\"ByNunes\u00ae\",\"url\":\"https:\\\/\\\/bynunes-ceramics.com\\\/\",\"logo\":{\"@type\":\"ImageObject\",\"inLanguage\":\"pt-PT\",\"@id\":\"https:\\\/\\\/bynunes-ceramics.com\\\/#\\\/schema\\\/logo\\\/image\\\/\",\"url\":\"https:\\\/\\\/bynunes-ceramics.com\\\/wp-content\\\/uploads\\\/2024\\\/01\\\/Logo-WPeq.png\",\"contentUrl\":\"https:\\\/\\\/bynunes-ceramics.com\\\/wp-content\\\/uploads\\\/2024\\\/01\\\/Logo-WPeq.png\",\"width\":377,\"height\":120,\"caption\":\"ByNunes\u00ae\"},\"image\":{\"@id\":\"https:\\\/\\\/bynunes-ceramics.com\\\/#\\\/schema\\\/logo\\\/image\\\/\"},\"sameAs\":[\"https:\\\/\\\/www.instagram.com\\\/bynunes.ceramics\\\/\"]}]}<\/script>\n<!-- \/ Yoast SEO plugin. -->","yoast_head_json":{"title":"Quem Somos -","description":"Quem Somos -","robots":{"index":"index","follow":"follow","max-snippet":"max-snippet:-1","max-image-preview":"max-image-preview:large","max-video-preview":"max-video-preview:-1"},"canonical":"https:\/\/bynunes-ceramics.com\/index.php\/quem-somos\/","og_locale":"pt_PT","og_type":"article","og_title":"Quem Somos -","og_description":"Quem Somos -","og_url":"https:\/\/bynunes-ceramics.com\/index.php\/quem-somos\/","og_site_name":"ByNunes\u00ae","article_modified_time":"2025-03-19T11:12:20+00:00","twitter_card":"summary_large_image","schema":{"@context":"https:\/\/schema.org","@graph":[{"@type":"WebPage","@id":"https:\/\/bynunes-ceramics.com\/index.php\/quem-somos\/","url":"https:\/\/bynunes-ceramics.com\/index.php\/quem-somos\/","name":"Quem Somos -","isPartOf":{"@id":"https:\/\/bynunes-ceramics.com\/#website"},"datePublished":"2024-04-01T13:29:01+00:00","dateModified":"2025-03-19T11:12:20+00:00","description":"Quem Somos -","breadcrumb":{"@id":"https:\/\/bynunes-ceramics.com\/index.php\/quem-somos\/#breadcrumb"},"inLanguage":"pt-PT","potentialAction":[{"@type":"ReadAction","target":["https:\/\/bynunes-ceramics.com\/index.php\/quem-somos\/"]}]},{"@type":"BreadcrumbList","@id":"https:\/\/bynunes-ceramics.com\/index.php\/quem-somos\/#breadcrumb","itemListElement":[{"@type":"ListItem","position":1,"name":"Home","item":"https:\/\/bynunes-ceramics.com\/"},{"@type":"ListItem","position":2,"name":"Quem Somos"}]},{"@type":"WebSite","@id":"https:\/\/bynunes-ceramics.com\/#website","url":"https:\/\/bynunes-ceramics.com\/","name":"ByNunes\u00ae","description":"Handmade Ceramics and Acessories - Lisboa - Portugal","publisher":{"@id":"https:\/\/bynunes-ceramics.com\/#organization"},"alternateName":"ByNunes\u00ae Ceramics","potentialAction":[{"@type":"SearchAction","target":{"@type":"EntryPoint","urlTemplate":"https:\/\/bynunes-ceramics.com\/?s={search_term_string}"},"query-input":{"@type":"PropertyValueSpecification","valueRequired":true,"valueName":"search_term_string"}}],"inLanguage":"pt-PT"},{"@type":"Organization","@id":"https:\/\/bynunes-ceramics.com\/#organization","name":"ByNunes\u00ae","url":"https:\/\/bynunes-ceramics.com\/","logo":{"@type":"ImageObject","inLanguage":"pt-PT","@id":"https:\/\/bynunes-ceramics.com\/#\/schema\/logo\/image\/","url":"https:\/\/bynunes-ceramics.com\/wp-content\/uploads\/2024\/01\/Logo-WPeq.png","contentUrl":"https:\/\/bynunes-ceramics.com\/wp-content\/uploads\/2024\/01\/Logo-WPeq.png","width":377,"height":120,"caption":"ByNunes\u00ae"},"image":{"@id":"https:\/\/bynunes-ceramics.com\/#\/schema\/logo\/image\/"},"sameAs":["https:\/\/www.instagram.com\/bynunes.ceramics\/"]}]}},"jetpack_sharing_enabled":true,"_links":{"self":[{"href":"https:\/\/bynunes-ceramics.com\/index.php\/wp-json\/wp\/v2\/pages\/6009","targetHints":{"allow":["GET"]}}],"collection":[{"href":"https:\/\/bynunes-ceramics.com\/index.php\/wp-json\/wp\/v2\/pages"}],"about":[{"href":"https:\/\/bynunes-ceramics.com\/index.php\/wp-json\/wp\/v2\/types\/page"}],"author":[{"embeddable":true,"href":"https:\/\/bynunes-ceramics.com\/index.php\/wp-json\/wp\/v2\/users\/1"}],"replies":[{"embeddable":true,"href":"https:\/\/bynunes-ceramics.com\/index.php\/wp-json\/wp\/v2\/comments?post=6009"}],"version-history":[{"count":6,"href":"https:\/\/bynunes-ceramics.com\/index.php\/wp-json\/wp\/v2\/pages\/6009\/revisions"}],"predecessor-version":[{"id":9035,"href":"https:\/\/bynunes-ceramics.com\/index.php\/wp-json\/wp\/v2\/pages\/6009\/revisions\/9035"}],"wp:attachment":[{"href":"https:\/\/bynunes-ceramics.com\/index.php\/wp-json\/wp\/v2\/media?parent=6009"}],"curies":[{"name":"wp","href":"https:\/\/api.w.org\/{rel}","templated":true}]}}