{"id":9577,"date":"2025-03-27T16:37:22","date_gmt":"2025-03-27T16:37:22","guid":{"rendered":"https:\/\/bynunes-ceramics.com\/?page_id=9577"},"modified":"2025-03-28T09:04:22","modified_gmt":"2025-03-28T09:04:22","slug":"contacte-nos","status":"publish","type":"page","link":"https:\/\/bynunes-ceramics.com\/index.php\/contacte-nos\/","title":{"rendered":"Contacte-nos"},"content":{"rendered":"\t\t<div data-elementor-type=\"wp-page\" data-elementor-id=\"9577\" class=\"elementor elementor-9577\" data-elementor-post-type=\"page\">\n\t\t\t\t<div class=\"elementor-element elementor-element-d93bfbf e-flex e-con-boxed e-con e-parent\" data-id=\"d93bfbf\" data-element_type=\"container\" data-e-type=\"container\">\n\t\t\t\t\t<div class=\"e-con-inner\">\n\t\t\t\t<div class=\"elementor-element elementor-element-32f09fb elementor-widget elementor-widget-heading\" data-id=\"32f09fb\" data-element_type=\"widget\" data-e-type=\"widget\" data-widget_type=\"heading.default\">\n\t\t\t\t<div class=\"elementor-widget-container\">\n\t\t\t\t\t<h2 class=\"elementor-heading-title elementor-size-default\">Em que podemos ajudar?<\/h2>\t\t\t\t<\/div>\n\t\t\t\t<\/div>\n\t\t\t\t<div class=\"elementor-element elementor-element-4c13dfa elementor-widget elementor-widget-wpforms\" data-id=\"4c13dfa\" data-element_type=\"widget\" data-e-type=\"widget\" data-widget_type=\"wpforms.default\">\n\t\t\t\t<div class=\"elementor-widget-container\">\n\t\t\t\t\t<div class=\"wpforms-container wpforms-render-modern\" id=\"wpforms-1167\"><form id=\"wpforms-form-1167\" class=\"wpforms-validate wpforms-form wpforms-ajax-form\" data-formid=\"1167\" method=\"post\" enctype=\"multipart\/form-data\" action=\"\/index.php\/wp-json\/wp\/v2\/pages\/9577\" data-token=\"cceb74838aa6b234c8b0d2c189626a1c\" data-token-time=\"1775394153\"><noscript class=\"wpforms-error-noscript\">Please enable JavaScript in your browser to complete this form.<\/noscript><div id=\"wpforms-error-noscript\" style=\"display: none;\">Please enable JavaScript in your browser to complete this form.<\/div><div class=\"wpforms-field-container\"><div id=\"wpforms-1167-field_3-container\" class=\"wpforms-field wpforms-field-select wpforms-field-select-style-classic\" data-field-id=\"3\"><label class=\"wpforms-field-label\" for=\"wpforms-1167-field_3\">Escolha uma das op\u00e7\u00f5es: <span class=\"wpforms-required-label\" aria-hidden=\"true\">*<\/span><\/label><select id=\"wpforms-1167-field_3\" class=\"wpforms-field-large wpforms-field-required\" name=\"wpforms[fields][3]\" required=\"required\"><option value=\"Pedido de Informa\u00e7\u00f5es\"  class=\"choice-1 depth-1\"  >Pedido de Informa\u00e7\u00f5es<\/option><option value=\"Informa\u00e7\u00e3o sobre Encomendas\"  class=\"choice-2 depth-1\"  >Informa\u00e7\u00e3o sobre Encomendas<\/option><option value=\"Encomenda de grandes quantidades\"  class=\"choice-4 depth-1\"  >Encomenda de grandes quantidades<\/option><option value=\"Reclama\u00e7\u00f5es\"  class=\"choice-3 depth-1\"  >Reclama\u00e7\u00f5es<\/option><\/select><\/div><div id=\"wpforms-1167-field_0-container\" class=\"wpforms-field wpforms-field-name\" data-field-id=\"0\"><label class=\"wpforms-field-label\" for=\"wpforms-1167-field_0\">Insira o seu Nome: <span class=\"wpforms-required-label\" aria-hidden=\"true\">*<\/span><\/label><input type=\"text\" id=\"wpforms-1167-field_0\" class=\"wpforms-field-large wpforms-field-required\" name=\"wpforms[fields][0]\" aria-errormessage=\"wpforms-1167-field_0-error\" required><\/div><div id=\"wpforms-1167-field_1-container\" class=\"wpforms-field wpforms-field-email\" data-field-id=\"1\"><label class=\"wpforms-field-label\" for=\"wpforms-1167-field_1\">Email <span class=\"wpforms-required-label\" aria-hidden=\"true\">*<\/span><\/label><input type=\"email\" id=\"wpforms-1167-field_1\" class=\"wpforms-field-large wpforms-field-required\" name=\"wpforms[fields][1]\" spellcheck=\"false\" aria-errormessage=\"wpforms-1167-field_1-error\" required><\/div><div id=\"wpforms-1167-field_2-container\" class=\"wpforms-field wpforms-field-textarea\" data-field-id=\"2\"><label class=\"wpforms-field-label\" for=\"wpforms-1167-field_2\">Mensagem<\/label><textarea id=\"wpforms-1167-field_2\" class=\"wpforms-field-medium\" name=\"wpforms[fields][2]\" aria-errormessage=\"wpforms-1167-field_2-error\" ><\/textarea><\/div><\/div><!-- .wpforms-field-container --><div class=\"wpforms-recaptcha-container wpforms-is-recaptcha wpforms-is-recaptcha-type-v2\" ><div class=\"g-recaptcha\" data-sitekey=\"6Lfz-E4pAAAAAAxZ7lC7HOpPM42GpdNstaWgyMIQ\"><\/div><input type=\"text\" name=\"g-recaptcha-hidden\" class=\"wpforms-recaptcha-hidden\" style=\"position:absolute!important;clip:rect(0,0,0,0)!important;height:1px!important;width:1px!important;border:0!important;overflow:hidden!important;padding:0!important;margin:0!important;\" data-rule-recaptcha=\"1\"><\/div><div class=\"wpforms-submit-container\" ><input type=\"hidden\" name=\"wpforms[id]\" value=\"1167\"><input type=\"hidden\" name=\"page_title\" value=\"\"><input type=\"hidden\" name=\"page_url\" value=\"https:\/\/bynunes-ceramics.com\/index.php\/wp-json\/wp\/v2\/pages\/9577\"><input type=\"hidden\" name=\"url_referer\" value=\"\"><button type=\"submit\" name=\"wpforms[submit]\" id=\"wpforms-submit-1167\" class=\"wpforms-submit\" data-alt-text=\"A enviar...\" data-submit-text=\"Enviar\" aria-live=\"assertive\" value=\"wpforms-submit\">Enviar<\/button><img decoding=\"async\" src=\"https:\/\/bynunes-ceramics.com\/wp-content\/plugins\/wpforms-lite\/assets\/images\/submit-spin.svg\" class=\"wpforms-submit-spinner\" style=\"display: none;\" width=\"26\" height=\"26\" alt=\"Loading\"><\/div><\/form><\/div>  <!-- .wpforms-container -->\t\t\t\t<\/div>\n\t\t\t\t<\/div>\n\t\t\t\t\t<\/div>\n\t\t\t\t<\/div>\n\t\t\t\t<\/div>\n\t\t","protected":false},"excerpt":{"rendered":"<p>Em que podemos ajudar? Please enable JavaScript in your browser to complete this form.Please enable JavaScript in your browser to complete this form.Escolha uma das op\u00e7\u00f5es: *Pedido de Informa\u00e7\u00f5esInforma\u00e7\u00e3o sobre EncomendasReclama\u00e7\u00f5esInsira o seu Nome: *Email *Mensagem Enviar<\/p>\n","protected":false},"author":1,"featured_media":0,"parent":0,"menu_order":0,"comment_status":"closed","ping_status":"closed","template":"","meta":{"site-sidebar-layout":"no-sidebar","site-content-layout":"page-builder","ast-site-content-layout":"full-width-container","site-content-style":"default","site-sidebar-style":"default","ast-global-header-display":"","ast-banner-title-visibility":"","ast-main-header-display":"","ast-hfb-above-header-display":"","ast-hfb-below-header-display":"","ast-hfb-mobile-header-display":"","site-post-title":"disabled","ast-breadcrumbs-content":"","ast-featured-img":"disabled","footer-sml-layout":"","ast-disable-related-posts":"","theme-transparent-header-meta":"","adv-header-id-meta":"","stick-header-meta":"","header-above-stick-meta":"","header-main-stick-meta":"","header-below-stick-meta":"","astra-migrate-meta-layouts":"set","ast-page-background-enabled":"default","ast-page-background-meta":{"desktop":{"background-color":"var(--ast-global-color-4)","background-image":"","background-repeat":"repeat","background-position":"center center","background-size":"auto","background-attachment":"scroll","background-type":"","background-media":"","overlay-type":"","overlay-color":"","overlay-opacity":"","overlay-gradient":""},"tablet":{"background-color":"","background-image":"","background-repeat":"repeat","background-position":"center center","background-size":"auto","background-attachment":"scroll","background-type":"","background-media":"","overlay-type":"","overlay-color":"","overlay-opacity":"","overlay-gradient":""},"mobile":{"background-color":"","background-image":"","background-repeat":"repeat","background-position":"center center","background-size":"auto","background-attachment":"scroll","background-type":"","background-media":"","overlay-type":"","overlay-color":"","overlay-opacity":"","overlay-gradient":""}},"ast-content-background-meta":{"desktop":{"background-color":"var(--ast-global-color-5)","background-image":"","background-repeat":"repeat","background-position":"center center","background-size":"auto","background-attachment":"scroll","background-type":"","background-media":"","overlay-type":"","overlay-color":"","overlay-opacity":"","overlay-gradient":""},"tablet":{"background-color":"var(--ast-global-color-5)","background-image":"","background-repeat":"repeat","background-position":"center center","background-size":"auto","background-attachment":"scroll","background-type":"","background-media":"","overlay-type":"","overlay-color":"","overlay-opacity":"","overlay-gradient":""},"mobile":{"background-color":"var(--ast-global-color-5)","background-image":"","background-repeat":"repeat","background-position":"center center","background-size":"auto","background-attachment":"scroll","background-type":"","background-media":"","overlay-type":"","overlay-color":"","overlay-opacity":"","overlay-gradient":""}},"footnotes":""},"class_list":["post-9577","page","type-page","status-publish","hentry"],"yoast_head":"<!-- This site is optimized with the Yoast SEO plugin v27.3 - https:\/\/yoast.com\/product\/yoast-seo-wordpress\/ -->\n<title>Contacte-nos -<\/title>\n<meta name=\"description\" content=\"Contacte-nos -\" \/>\n<meta name=\"robots\" content=\"index, follow, max-snippet:-1, max-image-preview:large, max-video-preview:-1\" \/>\n<link rel=\"canonical\" href=\"https:\/\/bynunes-ceramics.com\/index.php\/contacte-nos\/\" \/>\n<meta property=\"og:locale\" content=\"pt_PT\" \/>\n<meta property=\"og:type\" content=\"article\" \/>\n<meta property=\"og:title\" content=\"Contacte-nos -\" \/>\n<meta property=\"og:description\" content=\"Contacte-nos -\" \/>\n<meta property=\"og:url\" content=\"https:\/\/bynunes-ceramics.com\/index.php\/contacte-nos\/\" \/>\n<meta property=\"og:site_name\" content=\"ByNunes\u00ae\" \/>\n<meta property=\"article:modified_time\" content=\"2025-03-28T09:04:22+00:00\" \/>\n<meta property=\"og:image\" content=\"https:\/\/bynunes-ceramics.com\/wp-content\/plugins\/wpforms-lite\/assets\/images\/submit-spin.svg\" \/>\n<meta name=\"twitter:card\" content=\"summary_large_image\" \/>\n<script type=\"application\/ld+json\" class=\"yoast-schema-graph\">{\"@context\":\"https:\\\/\\\/schema.org\",\"@graph\":[{\"@type\":\"WebPage\",\"@id\":\"https:\\\/\\\/bynunes-ceramics.com\\\/index.php\\\/contacte-nos\\\/\",\"url\":\"https:\\\/\\\/bynunes-ceramics.com\\\/index.php\\\/contacte-nos\\\/\",\"name\":\"Contacte-nos -\",\"isPartOf\":{\"@id\":\"https:\\\/\\\/bynunes-ceramics.com\\\/#website\"},\"primaryImageOfPage\":{\"@id\":\"https:\\\/\\\/bynunes-ceramics.com\\\/index.php\\\/contacte-nos\\\/#primaryimage\"},\"image\":{\"@id\":\"https:\\\/\\\/bynunes-ceramics.com\\\/index.php\\\/contacte-nos\\\/#primaryimage\"},\"thumbnailUrl\":\"https:\\\/\\\/bynunes-ceramics.com\\\/wp-content\\\/plugins\\\/wpforms-lite\\\/assets\\\/images\\\/submit-spin.svg\",\"datePublished\":\"2025-03-27T16:37:22+00:00\",\"dateModified\":\"2025-03-28T09:04:22+00:00\",\"description\":\"Contacte-nos -\",\"breadcrumb\":{\"@id\":\"https:\\\/\\\/bynunes-ceramics.com\\\/index.php\\\/contacte-nos\\\/#breadcrumb\"},\"inLanguage\":\"pt-PT\",\"potentialAction\":[{\"@type\":\"ReadAction\",\"target\":[\"https:\\\/\\\/bynunes-ceramics.com\\\/index.php\\\/contacte-nos\\\/\"]}]},{\"@type\":\"ImageObject\",\"inLanguage\":\"pt-PT\",\"@id\":\"https:\\\/\\\/bynunes-ceramics.com\\\/index.php\\\/contacte-nos\\\/#primaryimage\",\"url\":\"https:\\\/\\\/bynunes-ceramics.com\\\/wp-content\\\/plugins\\\/wpforms-lite\\\/assets\\\/images\\\/submit-spin.svg\",\"contentUrl\":\"https:\\\/\\\/bynunes-ceramics.com\\\/wp-content\\\/plugins\\\/wpforms-lite\\\/assets\\\/images\\\/submit-spin.svg\"},{\"@type\":\"BreadcrumbList\",\"@id\":\"https:\\\/\\\/bynunes-ceramics.com\\\/index.php\\\/contacte-nos\\\/#breadcrumb\",\"itemListElement\":[{\"@type\":\"ListItem\",\"position\":1,\"name\":\"Home\",\"item\":\"https:\\\/\\\/bynunes-ceramics.com\\\/\"},{\"@type\":\"ListItem\",\"position\":2,\"name\":\"Contacte-nos\"}]},{\"@type\":\"WebSite\",\"@id\":\"https:\\\/\\\/bynunes-ceramics.com\\\/#website\",\"url\":\"https:\\\/\\\/bynunes-ceramics.com\\\/\",\"name\":\"ByNunes\u00ae\",\"description\":\"Handmade Ceramics and Acessories - Lisboa - Portugal\",\"publisher\":{\"@id\":\"https:\\\/\\\/bynunes-ceramics.com\\\/#organization\"},\"alternateName\":\"ByNunes\u00ae Ceramics\",\"potentialAction\":[{\"@type\":\"SearchAction\",\"target\":{\"@type\":\"EntryPoint\",\"urlTemplate\":\"https:\\\/\\\/bynunes-ceramics.com\\\/?s={search_term_string}\"},\"query-input\":{\"@type\":\"PropertyValueSpecification\",\"valueRequired\":true,\"valueName\":\"search_term_string\"}}],\"inLanguage\":\"pt-PT\"},{\"@type\":\"Organization\",\"@id\":\"https:\\\/\\\/bynunes-ceramics.com\\\/#organization\",\"name\":\"ByNunes\u00ae\",\"url\":\"https:\\\/\\\/bynunes-ceramics.com\\\/\",\"logo\":{\"@type\":\"ImageObject\",\"inLanguage\":\"pt-PT\",\"@id\":\"https:\\\/\\\/bynunes-ceramics.com\\\/#\\\/schema\\\/logo\\\/image\\\/\",\"url\":\"https:\\\/\\\/bynunes-ceramics.com\\\/wp-content\\\/uploads\\\/2024\\\/01\\\/Logo-WPeq.png\",\"contentUrl\":\"https:\\\/\\\/bynunes-ceramics.com\\\/wp-content\\\/uploads\\\/2024\\\/01\\\/Logo-WPeq.png\",\"width\":377,\"height\":120,\"caption\":\"ByNunes\u00ae\"},\"image\":{\"@id\":\"https:\\\/\\\/bynunes-ceramics.com\\\/#\\\/schema\\\/logo\\\/image\\\/\"},\"sameAs\":[\"https:\\\/\\\/www.instagram.com\\\/bynunes.ceramics\\\/\"]}]}<\/script>\n<!-- \/ Yoast SEO plugin. -->","yoast_head_json":{"title":"Contacte-nos -","description":"Contacte-nos -","robots":{"index":"index","follow":"follow","max-snippet":"max-snippet:-1","max-image-preview":"max-image-preview:large","max-video-preview":"max-video-preview:-1"},"canonical":"https:\/\/bynunes-ceramics.com\/index.php\/contacte-nos\/","og_locale":"pt_PT","og_type":"article","og_title":"Contacte-nos -","og_description":"Contacte-nos -","og_url":"https:\/\/bynunes-ceramics.com\/index.php\/contacte-nos\/","og_site_name":"ByNunes\u00ae","article_modified_time":"2025-03-28T09:04:22+00:00","og_image":[{"url":"https:\/\/bynunes-ceramics.com\/wp-content\/plugins\/wpforms-lite\/assets\/images\/submit-spin.svg","type":"","width":"","height":""}],"twitter_card":"summary_large_image","schema":{"@context":"https:\/\/schema.org","@graph":[{"@type":"WebPage","@id":"https:\/\/bynunes-ceramics.com\/index.php\/contacte-nos\/","url":"https:\/\/bynunes-ceramics.com\/index.php\/contacte-nos\/","name":"Contacte-nos -","isPartOf":{"@id":"https:\/\/bynunes-ceramics.com\/#website"},"primaryImageOfPage":{"@id":"https:\/\/bynunes-ceramics.com\/index.php\/contacte-nos\/#primaryimage"},"image":{"@id":"https:\/\/bynunes-ceramics.com\/index.php\/contacte-nos\/#primaryimage"},"thumbnailUrl":"https:\/\/bynunes-ceramics.com\/wp-content\/plugins\/wpforms-lite\/assets\/images\/submit-spin.svg","datePublished":"2025-03-27T16:37:22+00:00","dateModified":"2025-03-28T09:04:22+00:00","description":"Contacte-nos -","breadcrumb":{"@id":"https:\/\/bynunes-ceramics.com\/index.php\/contacte-nos\/#breadcrumb"},"inLanguage":"pt-PT","potentialAction":[{"@type":"ReadAction","target":["https:\/\/bynunes-ceramics.com\/index.php\/contacte-nos\/"]}]},{"@type":"ImageObject","inLanguage":"pt-PT","@id":"https:\/\/bynunes-ceramics.com\/index.php\/contacte-nos\/#primaryimage","url":"https:\/\/bynunes-ceramics.com\/wp-content\/plugins\/wpforms-lite\/assets\/images\/submit-spin.svg","contentUrl":"https:\/\/bynunes-ceramics.com\/wp-content\/plugins\/wpforms-lite\/assets\/images\/submit-spin.svg"},{"@type":"BreadcrumbList","@id":"https:\/\/bynunes-ceramics.com\/index.php\/contacte-nos\/#breadcrumb","itemListElement":[{"@type":"ListItem","position":1,"name":"Home","item":"https:\/\/bynunes-ceramics.com\/"},{"@type":"ListItem","position":2,"name":"Contacte-nos"}]},{"@type":"WebSite","@id":"https:\/\/bynunes-ceramics.com\/#website","url":"https:\/\/bynunes-ceramics.com\/","name":"ByNunes\u00ae","description":"Handmade Ceramics and Acessories - Lisboa - Portugal","publisher":{"@id":"https:\/\/bynunes-ceramics.com\/#organization"},"alternateName":"ByNunes\u00ae Ceramics","potentialAction":[{"@type":"SearchAction","target":{"@type":"EntryPoint","urlTemplate":"https:\/\/bynunes-ceramics.com\/?s={search_term_string}"},"query-input":{"@type":"PropertyValueSpecification","valueRequired":true,"valueName":"search_term_string"}}],"inLanguage":"pt-PT"},{"@type":"Organization","@id":"https:\/\/bynunes-ceramics.com\/#organization","name":"ByNunes\u00ae","url":"https:\/\/bynunes-ceramics.com\/","logo":{"@type":"ImageObject","inLanguage":"pt-PT","@id":"https:\/\/bynunes-ceramics.com\/#\/schema\/logo\/image\/","url":"https:\/\/bynunes-ceramics.com\/wp-content\/uploads\/2024\/01\/Logo-WPeq.png","contentUrl":"https:\/\/bynunes-ceramics.com\/wp-content\/uploads\/2024\/01\/Logo-WPeq.png","width":377,"height":120,"caption":"ByNunes\u00ae"},"image":{"@id":"https:\/\/bynunes-ceramics.com\/#\/schema\/logo\/image\/"},"sameAs":["https:\/\/www.instagram.com\/bynunes.ceramics\/"]}]}},"jetpack_sharing_enabled":true,"_links":{"self":[{"href":"https:\/\/bynunes-ceramics.com\/index.php\/wp-json\/wp\/v2\/pages\/9577","targetHints":{"allow":["GET"]}}],"collection":[{"href":"https:\/\/bynunes-ceramics.com\/index.php\/wp-json\/wp\/v2\/pages"}],"about":[{"href":"https:\/\/bynunes-ceramics.com\/index.php\/wp-json\/wp\/v2\/types\/page"}],"author":[{"embeddable":true,"href":"https:\/\/bynunes-ceramics.com\/index.php\/wp-json\/wp\/v2\/users\/1"}],"replies":[{"embeddable":true,"href":"https:\/\/bynunes-ceramics.com\/index.php\/wp-json\/wp\/v2\/comments?post=9577"}],"version-history":[{"count":18,"href":"https:\/\/bynunes-ceramics.com\/index.php\/wp-json\/wp\/v2\/pages\/9577\/revisions"}],"predecessor-version":[{"id":9625,"href":"https:\/\/bynunes-ceramics.com\/index.php\/wp-json\/wp\/v2\/pages\/9577\/revisions\/9625"}],"wp:attachment":[{"href":"https:\/\/bynunes-ceramics.com\/index.php\/wp-json\/wp\/v2\/media?parent=9577"}],"curies":[{"name":"wp","href":"https:\/\/api.w.org\/{rel}","templated":true}]}}