{"id":9554,"date":"2025-03-27T13:49:26","date_gmt":"2025-03-27T13:49:26","guid":{"rendered":"https:\/\/bynunes-ceramics.com\/?post_type=product&#038;p=9554"},"modified":"2026-03-16T10:30:38","modified_gmt":"2026-03-16T09:30:38","slug":"9554","status":"publish","type":"product","link":"https:\/\/bynunes-ceramics.com\/index.php\/product\/9554\/","title":{"rendered":"Azeitoneira Tripla"},"content":{"rendered":"<h6><em>Azeitoneira Tripla<\/em><\/h6>\n<p>\u00c9 importante perceber que este artigo \u00e9 100% decorativo e \u00e9 produzido de forma completamente artesanal, pelo que comparativamente,\u00a0 durante a produ\u00e7\u00e3o, podem ocorrer pequenas diferen\u00e7as no design, cor, forma e dimens\u00e3o em rela\u00e7\u00e3o \u00e0 imagem que est\u00e1 a visualizar agora, mas particularmente acreditamos que essas nuances acrescentam charme e autenticidade a cada item, tornando-os simultaneamente \u00fanicos e especiais!<\/p>\n<p>Caso pretenda adquirir uma grande quantidade desta Azeitoneira Tripla, envie-nos um e-mail atrav\u00e9s do nosso <em><a href=\"https:\/\/bynunes-ceramics.com\/index.php\/contactos\/\">formul\u00e1rio<\/a>!<\/em><\/p>\n<hr \/>\n<h6><em>Portes de Envio<\/em><\/h6>\n<p>A sua encomenda merece toda a nossa aten\u00e7\u00e3o, por isso os artigos s\u00e3o embalados com muita prote\u00e7\u00e3o, para que cheguem em perfeitas condi\u00e7\u00f5es at\u00e9 si!<\/p>\n<p>Atualmente enviamos para quase todo o mundo<em> (Com exce\u00e7\u00e3o de Afeganist\u00e3o, Bangladesh, Brasil, Coreia do Norte e Coreia do Sul)<\/em>, sendo que para isso contamos com a qualidade e experi\u00eancia da DHL.<\/p>\n<p>O c\u00e1lculo dos portes de envio \u00e9 autom\u00e1tico e antes de finalizar a sua compra.<\/p>\n<p>No entanto, dependendo do seu pa\u00eds, poder\u00e3o existir taxas alfandeg\u00e1rias sobre as suas encomendas.<\/p>\n<p>Os pa\u00edses da UE e alguns pa\u00edses com acordos internacionais, est\u00e3o isentos de taxas alfandeg\u00e1rias, aconselhamos a que verifique junto das autoridades alfandeg\u00e1rias do seu pa\u00eds se ter\u00e1 custos extra na importa\u00e7\u00e3o de artigos vindos de Portugal.<\/p>\n<hr \/>\n<h6><em>Quem somos<\/em><\/h6>\n<p>Somos uma cer\u00e2mica familiar j\u00e1 com mais de com 40 anos de hist\u00f3ria, sediada no cora\u00e7\u00e3o de Lisboa.<br \/>\nAo longo de quatro d\u00e9cadas, cultiv\u00e1mos uma paix\u00e3o singular por cer\u00e2mica, celebrando a tradi\u00e7\u00e3o e explorando as infinitas possibilidades de texturas e cores.<\/p>\n<p>A nossa jornada come\u00e7ou como uma modesta empresa familiar, e ao longo dos anos, dedicamos cuidadosamente o nosso trabalho \u00e0 arte intemporal da cer\u00e2mica.<br \/>\nA nossa tradi\u00e7\u00e3o \u00e9 mais do que um legado \u00e9 a base s\u00f3lida sobre a qual constru\u00edmos a nossa identidade \u00fanica!<\/p>\n<p>O que nos distingue \u00e9 o amor pela diversidade de texturas e cores que a cer\u00e2mica oferece, e porque cada pe\u00e7a que criamos \u00e9 um testemunho da nossa dedica\u00e7\u00e3o em explorar as nuances da arte cer\u00e2mica tradicional, mas mantendo sempre um olhar atento \u00e0s inova\u00e7\u00f5es contempor\u00e2neas.<\/p>\n<p>Seja uma pe\u00e7a \u00fanica para a sua casa ou um presente especial, estamos comprometidos em oferecer n\u00e3o apenas cer\u00e2mica, mas uma experi\u00eancia que transcende o tempo.<\/p>\n<p>Explore o mundo do artesanato connosco e descubra como as tradi\u00e7\u00f5es se entrela\u00e7am com a modernidade, criando algo verdadeiramente extraordin\u00e1rio.<br \/>\nVenha fazer parte da nossa hist\u00f3ria, onde a nossa paix\u00e3o, ganha vida em cada pe\u00e7a que criamos.<\/p>\n<p>Obrigado pela sua prefer\u00eancia!<\/p>\n<hr \/>\n<h6><em>Visite as nossas lojas em Lisboa!<\/em><\/h6>\n<p><a href=\"https:\/\/goo.gl\/maps\/jtiw5mSRKVasoyQe8\" target=\"_blank\" rel=\"noopener\"><img data-recalc-dims=\"1\" decoding=\"async\" class=\"alignnone wp-image-6321\" title=\"Loja 1\" src=\"https:\/\/i0.wp.com\/bynunes-ceramics.com\/wp-content\/uploads\/2024\/10\/Loja-1.png?resize=100%2C100&#038;ssl=1\" alt=\"Loja1\" width=\"100\" height=\"100\" srcset=\"https:\/\/i0.wp.com\/bynunes-ceramics.com\/wp-content\/uploads\/2024\/10\/Loja-1.png?w=150&amp;ssl=1 150w, https:\/\/i0.wp.com\/bynunes-ceramics.com\/wp-content\/uploads\/2024\/10\/Loja-1.png?resize=100%2C100&amp;ssl=1 100w\" sizes=\"(max-width: 100px) 100vw, 100px\" \/> <\/a>\u00a0 \u00a0\u00a0 \u00a0<a href=\"https:\/\/goo.gl\/maps\/ofLjCdunpL976AGYA\" target=\"_blank\" rel=\"noopener\"><img data-recalc-dims=\"1\" decoding=\"async\" class=\"alignnone wp-image-6322\" title=\"Loja 2\" src=\"https:\/\/i0.wp.com\/bynunes-ceramics.com\/wp-content\/uploads\/2024\/10\/Loja-2.png?resize=100%2C100&#038;ssl=1\" alt=\"Loja 2\" width=\"100\" height=\"100\" srcset=\"https:\/\/i0.wp.com\/bynunes-ceramics.com\/wp-content\/uploads\/2024\/10\/Loja-2.png?w=150&amp;ssl=1 150w, https:\/\/i0.wp.com\/bynunes-ceramics.com\/wp-content\/uploads\/2024\/10\/Loja-2.png?resize=100%2C100&amp;ssl=1 100w\" sizes=\"(max-width: 100px) 100vw, 100px\" \/><\/a> \u00a0\u00a0 \u00a0\u00a0 <a href=\"https:\/\/maps.app.goo.gl\/WQ3Y4kDcSFSNAkWaA\" target=\"_blank\" rel=\"noopener\"><img data-recalc-dims=\"1\" decoding=\"async\" class=\"alignnone wp-image-6324\" title=\"Loja 3\" src=\"https:\/\/i0.wp.com\/bynunes-ceramics.com\/wp-content\/uploads\/2024\/10\/Loja-7.png?resize=100%2C100&#038;ssl=1\" alt=\"Loja 4\" width=\"100\" height=\"100\" srcset=\"https:\/\/i0.wp.com\/bynunes-ceramics.com\/wp-content\/uploads\/2024\/10\/Loja-7.png?w=150&amp;ssl=1 150w, https:\/\/i0.wp.com\/bynunes-ceramics.com\/wp-content\/uploads\/2024\/10\/Loja-7.png?resize=100%2C100&amp;ssl=1 100w\" sizes=\"(max-width: 100px) 100vw, 100px\" \/><\/a>\u00a0 \u00a0 \u00a0 \u00a0<a href=\"https:\/\/maps.app.goo.gl\/B7SeGUAGnQKvJ8Fx7\" target=\"_blank\" rel=\"noopener\"><img data-recalc-dims=\"1\" loading=\"lazy\" decoding=\"async\" class=\"alignnone wp-image-6325\" title=\"Loja 4\" src=\"https:\/\/i0.wp.com\/bynunes-ceramics.com\/wp-content\/uploads\/2024\/10\/Loja-4.png?resize=100%2C100&#038;ssl=1\" alt=\"Loja 7\" width=\"100\" height=\"100\" srcset=\"https:\/\/i0.wp.com\/bynunes-ceramics.com\/wp-content\/uploads\/2024\/10\/Loja-4.png?w=150&amp;ssl=1 150w, https:\/\/i0.wp.com\/bynunes-ceramics.com\/wp-content\/uploads\/2024\/10\/Loja-4.png?resize=100%2C100&amp;ssl=1 100w\" sizes=\"(max-width: 100px) 100vw, 100px\" \/><\/a>\u00a0 \u00a0 \u00a0 \u00a0<a href=\"https:\/\/maps.app.goo.gl\/Pkr1fvciq2zYp8Rz9\" target=\"_blank\" rel=\"noopener\"><img data-recalc-dims=\"1\" loading=\"lazy\" decoding=\"async\" class=\"alignnone wp-image-6323\" title=\"Loja 7\" src=\"https:\/\/i0.wp.com\/bynunes-ceramics.com\/wp-content\/uploads\/2024\/10\/Loja-3.png?resize=100%2C100&#038;ssl=1\" alt=\"Loja 3\" width=\"100\" height=\"100\" srcset=\"https:\/\/i0.wp.com\/bynunes-ceramics.com\/wp-content\/uploads\/2024\/10\/Loja-3.png?w=150&amp;ssl=1 150w, https:\/\/i0.wp.com\/bynunes-ceramics.com\/wp-content\/uploads\/2024\/10\/Loja-3.png?resize=100%2C100&amp;ssl=1 100w\" sizes=\"(max-width: 100px) 100vw, 100px\" \/><\/a><\/p>\n<p><em>\u00a9 Todas as imagens e designs apresentados neste website, est\u00e3o protegidos por direitos de autor.<\/em><\/p>\n<p>&nbsp;<\/p>\n","protected":false},"excerpt":{"rendered":"<p>Azeitoneira Tripla \u00c9 importante perceber que este artigo \u00e9 100% decorativo e \u00e9 produzido de forma completamente artesanal, pelo que comparativamente,\u00a0 durante a produ\u00e7\u00e3o, podem ocorrer pequenas diferen\u00e7as no design, cor, forma e dimens\u00e3o em rela\u00e7\u00e3o \u00e0 imagem que est\u00e1 a visualizar agora, mas particularmente acreditamos que essas nuances acrescentam charme e autenticidade a cada [&hellip;]<\/p>\n","protected":false},"featured_media":7366,"template":"","meta":{"site-sidebar-layout":"default","site-content-layout":"","ast-site-content-layout":"default","site-content-style":"default","site-sidebar-style":"default","ast-global-header-display":"","ast-banner-title-visibility":"","ast-main-header-display":"","ast-hfb-above-header-display":"","ast-hfb-below-header-display":"","ast-hfb-mobile-header-display":"","site-post-title":"","ast-breadcrumbs-content":"","ast-featured-img":"","footer-sml-layout":"","ast-disable-related-posts":"","theme-transparent-header-meta":"default","adv-header-id-meta":"","stick-header-meta":"","header-above-stick-meta":"","header-main-stick-meta":"","header-below-stick-meta":"","astra-migrate-meta-layouts":"set","ast-page-background-enabled":"default","ast-page-background-meta":{"desktop":{"background-color":"var(--ast-global-color-4)","background-image":"","background-repeat":"repeat","background-position":"center center","background-size":"auto","background-attachment":"scroll","background-type":"","background-media":"","overlay-type":"","overlay-color":"","overlay-opacity":"","overlay-gradient":""},"tablet":{"background-color":"","background-image":"","background-repeat":"repeat","background-position":"center center","background-size":"auto","background-attachment":"scroll","background-type":"","background-media":"","overlay-type":"","overlay-color":"","overlay-opacity":"","overlay-gradient":""},"mobile":{"background-color":"","background-image":"","background-repeat":"repeat","background-position":"center center","background-size":"auto","background-attachment":"scroll","background-type":"","background-media":"","overlay-type":"","overlay-color":"","overlay-opacity":"","overlay-gradient":""}},"ast-content-background-meta":{"desktop":{"background-color":"var(--ast-global-color-5)","background-image":"","background-repeat":"repeat","background-position":"center center","background-size":"auto","background-attachment":"scroll","background-type":"","background-media":"","overlay-type":"","overlay-color":"","overlay-opacity":"","overlay-gradient":""},"tablet":{"background-color":"var(--ast-global-color-5)","background-image":"","background-repeat":"repeat","background-position":"center center","background-size":"auto","background-attachment":"scroll","background-type":"","background-media":"","overlay-type":"","overlay-color":"","overlay-opacity":"","overlay-gradient":""},"mobile":{"background-color":"var(--ast-global-color-5)","background-image":"","background-repeat":"repeat","background-position":"center center","background-size":"auto","background-attachment":"scroll","background-type":"","background-media":"","overlay-type":"","overlay-color":"","overlay-opacity":"","overlay-gradient":""}}},"product_brand":[1276],"product_cat":[1265],"product_tag":[],"class_list":{"0":"post-9554","1":"product","2":"type-product","3":"status-publish","4":"has-post-thumbnail","6":"product_brand-by-nunes","7":"product_cat-tigela-para-azeitonas","8":"product_shipping_class-cx-25x25x15","9":"desktop-align-center","10":"tablet-align-left","11":"mobile-align-left","13":"first","14":"instock","15":"taxable","16":"shipping-taxable","17":"purchasable","18":"product-type-simple"},"yoast_head":"<!-- This site is optimized with the Yoast SEO plugin v27.3 - https:\/\/yoast.com\/product\/yoast-seo-wordpress\/ -->\n<title>Azeitoneira Tripla<\/title>\n<meta name=\"description\" content=\"Azeitoneira Tripla, de design original ByNunes\u00ae - Visite as nossas lojas junto ao Castelo de S\u00e3o Jorge, em Lisboa - Portugal\" \/>\n<meta name=\"robots\" content=\"index, follow, max-snippet:-1, max-image-preview:large, max-video-preview:-1\" \/>\n<link rel=\"canonical\" href=\"https:\/\/bynunes-ceramics.com\/index.php\/product\/9554\/\" \/>\n<meta property=\"og:locale\" content=\"pt_PT\" \/>\n<meta property=\"og:type\" content=\"article\" \/>\n<meta property=\"og:title\" content=\"Azeitoneira Tripla\" \/>\n<meta property=\"og:description\" content=\"Azeitoneira Tripla, de design original ByNunes\u00ae - Visite as nossas lojas junto ao Castelo de S\u00e3o Jorge, em Lisboa - Portugal\" \/>\n<meta property=\"og:url\" content=\"https:\/\/bynunes-ceramics.com\/index.php\/product\/9554\/\" \/>\n<meta property=\"og:site_name\" content=\"ByNunes\u00ae\" \/>\n<meta property=\"article:modified_time\" content=\"2026-03-16T09:30:38+00:00\" \/>\n<meta property=\"og:image\" content=\"https:\/\/bynunes-ceramics.com\/wp-content\/uploads\/2025\/02\/AzeitoneiraTripla-4134.jpg\" \/>\n\t<meta property=\"og:image:width\" content=\"1080\" \/>\n\t<meta property=\"og:image:height\" content=\"1080\" \/>\n\t<meta property=\"og:image:type\" content=\"image\/jpeg\" \/>\n<meta name=\"twitter:card\" content=\"summary_large_image\" \/>\n<script type=\"application\/ld+json\" class=\"yoast-schema-graph\">{\"@context\":\"https:\\\/\\\/schema.org\",\"@graph\":[{\"@type\":\"WebPage\",\"@id\":\"https:\\\/\\\/bynunes-ceramics.com\\\/index.php\\\/product\\\/9554\\\/\",\"url\":\"https:\\\/\\\/bynunes-ceramics.com\\\/index.php\\\/product\\\/9554\\\/\",\"name\":\"Azeitoneira Tripla\",\"isPartOf\":{\"@id\":\"https:\\\/\\\/bynunes-ceramics.com\\\/#website\"},\"primaryImageOfPage\":{\"@id\":\"https:\\\/\\\/bynunes-ceramics.com\\\/index.php\\\/product\\\/9554\\\/#primaryimage\"},\"image\":{\"@id\":\"https:\\\/\\\/bynunes-ceramics.com\\\/index.php\\\/product\\\/9554\\\/#primaryimage\"},\"thumbnailUrl\":\"https:\\\/\\\/i0.wp.com\\\/bynunes-ceramics.com\\\/wp-content\\\/uploads\\\/2025\\\/02\\\/AzeitoneiraTripla-4134.jpg?fit=1080%2C1080&ssl=1\",\"datePublished\":\"2025-03-27T13:49:26+00:00\",\"dateModified\":\"2026-03-16T09:30:38+00:00\",\"description\":\"Azeitoneira Tripla, de design original ByNunes\u00ae - Visite as nossas lojas junto ao Castelo de S\u00e3o Jorge, em Lisboa - Portugal\",\"breadcrumb\":{\"@id\":\"https:\\\/\\\/bynunes-ceramics.com\\\/index.php\\\/product\\\/9554\\\/#breadcrumb\"},\"inLanguage\":\"pt-PT\",\"potentialAction\":[{\"@type\":\"ReadAction\",\"target\":[\"https:\\\/\\\/bynunes-ceramics.com\\\/index.php\\\/product\\\/9554\\\/\"]}]},{\"@type\":\"ImageObject\",\"inLanguage\":\"pt-PT\",\"@id\":\"https:\\\/\\\/bynunes-ceramics.com\\\/index.php\\\/product\\\/9554\\\/#primaryimage\",\"url\":\"https:\\\/\\\/i0.wp.com\\\/bynunes-ceramics.com\\\/wp-content\\\/uploads\\\/2025\\\/02\\\/AzeitoneiraTripla-4134.jpg?fit=1080%2C1080&ssl=1\",\"contentUrl\":\"https:\\\/\\\/i0.wp.com\\\/bynunes-ceramics.com\\\/wp-content\\\/uploads\\\/2025\\\/02\\\/AzeitoneiraTripla-4134.jpg?fit=1080%2C1080&ssl=1\",\"width\":1080,\"height\":1080},{\"@type\":\"BreadcrumbList\",\"@id\":\"https:\\\/\\\/bynunes-ceramics.com\\\/index.php\\\/product\\\/9554\\\/#breadcrumb\",\"itemListElement\":[{\"@type\":\"ListItem\",\"position\":1,\"name\":\"Home\",\"item\":\"https:\\\/\\\/bynunes-ceramics.com\\\/\"},{\"@type\":\"ListItem\",\"position\":2,\"name\":\"Shop\",\"item\":\"https:\\\/\\\/bynunes-ceramics.com\\\/index.php\\\/wooshop\\\/\"},{\"@type\":\"ListItem\",\"position\":3,\"name\":\"Azeitoneira Tripla\"}]},{\"@type\":\"WebSite\",\"@id\":\"https:\\\/\\\/bynunes-ceramics.com\\\/#website\",\"url\":\"https:\\\/\\\/bynunes-ceramics.com\\\/\",\"name\":\"ByNunes\u00ae\",\"description\":\"Handmade Ceramics and Acessories - Lisboa - Portugal\",\"publisher\":{\"@id\":\"https:\\\/\\\/bynunes-ceramics.com\\\/#organization\"},\"alternateName\":\"ByNunes\u00ae Ceramics\",\"potentialAction\":[{\"@type\":\"SearchAction\",\"target\":{\"@type\":\"EntryPoint\",\"urlTemplate\":\"https:\\\/\\\/bynunes-ceramics.com\\\/?s={search_term_string}\"},\"query-input\":{\"@type\":\"PropertyValueSpecification\",\"valueRequired\":true,\"valueName\":\"search_term_string\"}}],\"inLanguage\":\"pt-PT\"},{\"@type\":\"Organization\",\"@id\":\"https:\\\/\\\/bynunes-ceramics.com\\\/#organization\",\"name\":\"ByNunes\u00ae\",\"url\":\"https:\\\/\\\/bynunes-ceramics.com\\\/\",\"logo\":{\"@type\":\"ImageObject\",\"inLanguage\":\"pt-PT\",\"@id\":\"https:\\\/\\\/bynunes-ceramics.com\\\/#\\\/schema\\\/logo\\\/image\\\/\",\"url\":\"https:\\\/\\\/bynunes-ceramics.com\\\/wp-content\\\/uploads\\\/2024\\\/01\\\/Logo-WPeq.png\",\"contentUrl\":\"https:\\\/\\\/bynunes-ceramics.com\\\/wp-content\\\/uploads\\\/2024\\\/01\\\/Logo-WPeq.png\",\"width\":377,\"height\":120,\"caption\":\"ByNunes\u00ae\"},\"image\":{\"@id\":\"https:\\\/\\\/bynunes-ceramics.com\\\/#\\\/schema\\\/logo\\\/image\\\/\"},\"sameAs\":[\"https:\\\/\\\/www.instagram.com\\\/bynunes.ceramics\\\/\"]}]}<\/script>\n<!-- \/ Yoast SEO plugin. -->","yoast_head_json":{"title":"Azeitoneira Tripla","description":"Azeitoneira Tripla, de design original ByNunes\u00ae - Visite as nossas lojas junto ao Castelo de S\u00e3o Jorge, em Lisboa - Portugal","robots":{"index":"index","follow":"follow","max-snippet":"max-snippet:-1","max-image-preview":"max-image-preview:large","max-video-preview":"max-video-preview:-1"},"canonical":"https:\/\/bynunes-ceramics.com\/index.php\/product\/9554\/","og_locale":"pt_PT","og_type":"article","og_title":"Azeitoneira Tripla","og_description":"Azeitoneira Tripla, de design original ByNunes\u00ae - Visite as nossas lojas junto ao Castelo de S\u00e3o Jorge, em Lisboa - Portugal","og_url":"https:\/\/bynunes-ceramics.com\/index.php\/product\/9554\/","og_site_name":"ByNunes\u00ae","article_modified_time":"2026-03-16T09:30:38+00:00","og_image":[{"width":1080,"height":1080,"url":"https:\/\/bynunes-ceramics.com\/wp-content\/uploads\/2025\/02\/AzeitoneiraTripla-4134.jpg","type":"image\/jpeg"}],"twitter_card":"summary_large_image","schema":{"@context":"https:\/\/schema.org","@graph":[{"@type":"WebPage","@id":"https:\/\/bynunes-ceramics.com\/index.php\/product\/9554\/","url":"https:\/\/bynunes-ceramics.com\/index.php\/product\/9554\/","name":"Azeitoneira Tripla","isPartOf":{"@id":"https:\/\/bynunes-ceramics.com\/#website"},"primaryImageOfPage":{"@id":"https:\/\/bynunes-ceramics.com\/index.php\/product\/9554\/#primaryimage"},"image":{"@id":"https:\/\/bynunes-ceramics.com\/index.php\/product\/9554\/#primaryimage"},"thumbnailUrl":"https:\/\/i0.wp.com\/bynunes-ceramics.com\/wp-content\/uploads\/2025\/02\/AzeitoneiraTripla-4134.jpg?fit=1080%2C1080&ssl=1","datePublished":"2025-03-27T13:49:26+00:00","dateModified":"2026-03-16T09:30:38+00:00","description":"Azeitoneira Tripla, de design original ByNunes\u00ae - Visite as nossas lojas junto ao Castelo de S\u00e3o Jorge, em Lisboa - Portugal","breadcrumb":{"@id":"https:\/\/bynunes-ceramics.com\/index.php\/product\/9554\/#breadcrumb"},"inLanguage":"pt-PT","potentialAction":[{"@type":"ReadAction","target":["https:\/\/bynunes-ceramics.com\/index.php\/product\/9554\/"]}]},{"@type":"ImageObject","inLanguage":"pt-PT","@id":"https:\/\/bynunes-ceramics.com\/index.php\/product\/9554\/#primaryimage","url":"https:\/\/i0.wp.com\/bynunes-ceramics.com\/wp-content\/uploads\/2025\/02\/AzeitoneiraTripla-4134.jpg?fit=1080%2C1080&ssl=1","contentUrl":"https:\/\/i0.wp.com\/bynunes-ceramics.com\/wp-content\/uploads\/2025\/02\/AzeitoneiraTripla-4134.jpg?fit=1080%2C1080&ssl=1","width":1080,"height":1080},{"@type":"BreadcrumbList","@id":"https:\/\/bynunes-ceramics.com\/index.php\/product\/9554\/#breadcrumb","itemListElement":[{"@type":"ListItem","position":1,"name":"Home","item":"https:\/\/bynunes-ceramics.com\/"},{"@type":"ListItem","position":2,"name":"Shop","item":"https:\/\/bynunes-ceramics.com\/index.php\/wooshop\/"},{"@type":"ListItem","position":3,"name":"Azeitoneira Tripla"}]},{"@type":"WebSite","@id":"https:\/\/bynunes-ceramics.com\/#website","url":"https:\/\/bynunes-ceramics.com\/","name":"ByNunes\u00ae","description":"Handmade Ceramics and Acessories - Lisboa - Portugal","publisher":{"@id":"https:\/\/bynunes-ceramics.com\/#organization"},"alternateName":"ByNunes\u00ae Ceramics","potentialAction":[{"@type":"SearchAction","target":{"@type":"EntryPoint","urlTemplate":"https:\/\/bynunes-ceramics.com\/?s={search_term_string}"},"query-input":{"@type":"PropertyValueSpecification","valueRequired":true,"valueName":"search_term_string"}}],"inLanguage":"pt-PT"},{"@type":"Organization","@id":"https:\/\/bynunes-ceramics.com\/#organization","name":"ByNunes\u00ae","url":"https:\/\/bynunes-ceramics.com\/","logo":{"@type":"ImageObject","inLanguage":"pt-PT","@id":"https:\/\/bynunes-ceramics.com\/#\/schema\/logo\/image\/","url":"https:\/\/bynunes-ceramics.com\/wp-content\/uploads\/2024\/01\/Logo-WPeq.png","contentUrl":"https:\/\/bynunes-ceramics.com\/wp-content\/uploads\/2024\/01\/Logo-WPeq.png","width":377,"height":120,"caption":"ByNunes\u00ae"},"image":{"@id":"https:\/\/bynunes-ceramics.com\/#\/schema\/logo\/image\/"},"sameAs":["https:\/\/www.instagram.com\/bynunes.ceramics\/"]}]}},"jetpack_sharing_enabled":true,"_links":{"self":[{"href":"https:\/\/bynunes-ceramics.com\/index.php\/wp-json\/wp\/v2\/product\/9554","targetHints":{"allow":["GET"]}}],"collection":[{"href":"https:\/\/bynunes-ceramics.com\/index.php\/wp-json\/wp\/v2\/product"}],"about":[{"href":"https:\/\/bynunes-ceramics.com\/index.php\/wp-json\/wp\/v2\/types\/product"}],"wp:featuredmedia":[{"embeddable":true,"href":"https:\/\/bynunes-ceramics.com\/index.php\/wp-json\/wp\/v2\/media\/7366"}],"wp:attachment":[{"href":"https:\/\/bynunes-ceramics.com\/index.php\/wp-json\/wp\/v2\/media?parent=9554"}],"wp:term":[{"taxonomy":"product_brand","embeddable":true,"href":"https:\/\/bynunes-ceramics.com\/index.php\/wp-json\/wp\/v2\/product_brand?post=9554"},{"taxonomy":"product_cat","embeddable":true,"href":"https:\/\/bynunes-ceramics.com\/index.php\/wp-json\/wp\/v2\/product_cat?post=9554"},{"taxonomy":"product_tag","embeddable":true,"href":"https:\/\/bynunes-ceramics.com\/index.php\/wp-json\/wp\/v2\/product_tag?post=9554"}],"curies":[{"name":"wp","href":"https:\/\/api.w.org\/{rel}","templated":true}]}}